{"id":548,"date":"2022-01-17T12:27:56","date_gmt":"2022-01-17T12:27:56","guid":{"rendered":"http:\/\/wp.paulmoorschule-freren.de\/?page_id=548"},"modified":"2022-12-02T17:36:59","modified_gmt":"2022-12-02T17:36:59","slug":"schuljahr-2021-2022","status":"publish","type":"page","link":"https:\/\/wp.paulmoorschule-freren.de\/?page_id=548","title":{"rendered":"Schuljahr 2021\/2022"},"content":{"rendered":"\t\t<div data-elementor-type=\"wp-page\" data-elementor-id=\"548\" class=\"elementor elementor-548\">\n\t\t\t\t\t\t<section class=\"elementor-section elementor-top-section elementor-element elementor-element-1c9c773 elementor-section-boxed elementor-section-height-default elementor-section-height-default\" data-id=\"1c9c773\" data-element_type=\"section\" data-e-type=\"section\">\n\t\t\t\t\t\t<div class=\"elementor-container elementor-column-gap-default\">\n\t\t\t\t\t<div class=\"elementor-column elementor-col-100 elementor-top-column elementor-element elementor-element-a4e91b2\" data-id=\"a4e91b2\" data-element_type=\"column\" data-e-type=\"column\">\n\t\t\t<div class=\"elementor-widget-wrap elementor-element-populated\">\n\t\t\t\t\t\t<div class=\"elementor-element elementor-element-7a9fcc8 elementor-widget elementor-widget-heading\" data-id=\"7a9fcc8\" data-element_type=\"widget\" data-e-type=\"widget\" data-widget_type=\"heading.default\">\n\t\t\t\t<div class=\"elementor-widget-container\">\n\t\t\t\t\t<h2 class=\"elementor-heading-title elementor-size-default\">Juni 2022<\/h2>\t\t\t\t<\/div>\n\t\t\t\t<\/div>\n\t\t\t\t\t<\/div>\n\t\t<\/div>\n\t\t\t\t\t<\/div>\n\t\t<\/section>\n\t\t\t\t<section class=\"elementor-section elementor-top-section elementor-element elementor-element-fd93abc elementor-section-boxed elementor-section-height-default elementor-section-height-default\" data-id=\"fd93abc\" data-element_type=\"section\" data-e-type=\"section\">\n\t\t\t\t\t\t<div class=\"elementor-container elementor-column-gap-default\">\n\t\t\t\t\t<div class=\"elementor-column elementor-col-100 elementor-top-column elementor-element elementor-element-aad4a16\" data-id=\"aad4a16\" data-element_type=\"column\" data-e-type=\"column\">\n\t\t\t<div class=\"elementor-widget-wrap elementor-element-populated\">\n\t\t\t\t\t\t<div class=\"elementor-element elementor-element-ecb7036 elementor-widget elementor-widget-image\" data-id=\"ecb7036\" data-element_type=\"widget\" data-e-type=\"widget\" data-widget_type=\"image.default\">\n\t\t\t\t<div class=\"elementor-widget-container\">\n\t\t\t\t\t\t\t\t\t\t\t\t\t\t\t<img fetchpriority=\"high\" decoding=\"async\" width=\"724\" height=\"1024\" src=\"https:\/\/wp.paulmoorschule-freren.de\/wp-content\/uploads\/2022\/07\/Bericht-Norderney-724x1024.jpg\" class=\"attachment-large size-large wp-image-577\" alt=\"\" srcset=\"https:\/\/wp.paulmoorschule-freren.de\/wp-content\/uploads\/2022\/07\/Bericht-Norderney-724x1024.jpg 724w, https:\/\/wp.paulmoorschule-freren.de\/wp-content\/uploads\/2022\/07\/Bericht-Norderney-212x300.jpg 212w, https:\/\/wp.paulmoorschule-freren.de\/wp-content\/uploads\/2022\/07\/Bericht-Norderney-768x1086.jpg 768w, https:\/\/wp.paulmoorschule-freren.de\/wp-content\/uploads\/2022\/07\/Bericht-Norderney.jpg 1240w\" sizes=\"(max-width: 724px) 85vw, 724px\" \/>\t\t\t\t\t\t\t\t\t\t\t\t\t\t\t<\/div>\n\t\t\t\t<\/div>\n\t\t\t\t\t<\/div>\n\t\t<\/div>\n\t\t\t\t\t<\/div>\n\t\t<\/section>\n\t\t\t\t<section class=\"elementor-section elementor-top-section elementor-element elementor-element-161b78b elementor-section-boxed elementor-section-height-default elementor-section-height-default\" data-id=\"161b78b\" data-element_type=\"section\" data-e-type=\"section\">\n\t\t\t\t\t\t<div class=\"elementor-container elementor-column-gap-default\">\n\t\t\t\t\t<div class=\"elementor-column elementor-col-100 elementor-top-column elementor-element elementor-element-a18bcd3\" data-id=\"a18bcd3\" data-element_type=\"column\" data-e-type=\"column\">\n\t\t\t<div class=\"elementor-widget-wrap\">\n\t\t\t\t\t\t\t<\/div>\n\t\t<\/div>\n\t\t\t\t\t<\/div>\n\t\t<\/section>\n\t\t\t\t<section class=\"elementor-section elementor-top-section elementor-element elementor-element-bcd0b00 elementor-section-boxed elementor-section-height-default elementor-section-height-default\" data-id=\"bcd0b00\" data-element_type=\"section\" data-e-type=\"section\">\n\t\t\t\t\t\t<div class=\"elementor-container elementor-column-gap-default\">\n\t\t\t\t\t<div class=\"elementor-column elementor-col-100 elementor-top-column elementor-element elementor-element-84aebf8\" data-id=\"84aebf8\" data-element_type=\"column\" data-e-type=\"column\">\n\t\t\t<div class=\"elementor-widget-wrap elementor-element-populated\">\n\t\t\t\t\t\t<div class=\"elementor-element elementor-element-009daef elementor-widget elementor-widget-heading\" data-id=\"009daef\" data-element_type=\"widget\" data-e-type=\"widget\" data-widget_type=\"heading.default\">\n\t\t\t\t<div class=\"elementor-widget-container\">\n\t\t\t\t\t<h2 class=\"elementor-heading-title elementor-size-default\">M\u00e4rz 2022<\/h2>\t\t\t\t<\/div>\n\t\t\t\t<\/div>\n\t\t\t\t\t<\/div>\n\t\t<\/div>\n\t\t\t\t\t<\/div>\n\t\t<\/section>\n\t\t\t\t<section class=\"elementor-section elementor-top-section elementor-element elementor-element-738ece0 elementor-section-boxed elementor-section-height-default elementor-section-height-default\" data-id=\"738ece0\" data-element_type=\"section\" data-e-type=\"section\">\n\t\t\t\t\t\t<div class=\"elementor-container elementor-column-gap-default\">\n\t\t\t\t\t<div class=\"elementor-column elementor-col-100 elementor-top-column elementor-element elementor-element-6f88acd\" data-id=\"6f88acd\" data-element_type=\"column\" data-e-type=\"column\">\n\t\t\t<div class=\"elementor-widget-wrap elementor-element-populated\">\n\t\t\t\t\t\t<div class=\"elementor-element elementor-element-d75c1ba elementor-widget elementor-widget-image\" data-id=\"d75c1ba\" data-element_type=\"widget\" data-e-type=\"widget\" data-widget_type=\"image.default\">\n\t\t\t\t<div class=\"elementor-widget-container\">\n\t\t\t\t\t\t\t\t\t\t\t\t\t\t\t<img decoding=\"async\" width=\"724\" height=\"1024\" src=\"https:\/\/wp.paulmoorschule-freren.de\/wp-content\/uploads\/2022\/03\/Zeichen-setzen-724x1024.jpg\" class=\"attachment-large size-large wp-image-567\" alt=\"\" srcset=\"https:\/\/wp.paulmoorschule-freren.de\/wp-content\/uploads\/2022\/03\/Zeichen-setzen-724x1024.jpg 724w, https:\/\/wp.paulmoorschule-freren.de\/wp-content\/uploads\/2022\/03\/Zeichen-setzen-212x300.jpg 212w, https:\/\/wp.paulmoorschule-freren.de\/wp-content\/uploads\/2022\/03\/Zeichen-setzen-768x1086.jpg 768w, https:\/\/wp.paulmoorschule-freren.de\/wp-content\/uploads\/2022\/03\/Zeichen-setzen.jpg 1240w\" sizes=\"(max-width: 724px) 85vw, 724px\" \/>\t\t\t\t\t\t\t\t\t\t\t\t\t\t\t<\/div>\n\t\t\t\t<\/div>\n\t\t\t\t\t<\/div>\n\t\t<\/div>\n\t\t\t\t\t<\/div>\n\t\t<\/section>\n\t\t\t\t<section class=\"elementor-section elementor-top-section elementor-element elementor-element-703962e elementor-section-boxed elementor-section-height-default elementor-section-height-default\" data-id=\"703962e\" data-element_type=\"section\" data-e-type=\"section\">\n\t\t\t\t\t\t<div class=\"elementor-container elementor-column-gap-default\">\n\t\t\t\t\t<div class=\"elementor-column elementor-col-100 elementor-top-column elementor-element elementor-element-1c1df3d\" data-id=\"1c1df3d\" data-element_type=\"column\" data-e-type=\"column\">\n\t\t\t<div class=\"elementor-widget-wrap\">\n\t\t\t\t\t\t\t<\/div>\n\t\t<\/div>\n\t\t\t\t\t<\/div>\n\t\t<\/section>\n\t\t\t\t<section class=\"elementor-section elementor-top-section elementor-element elementor-element-bff444e elementor-section-boxed elementor-section-height-default elementor-section-height-default\" data-id=\"bff444e\" data-element_type=\"section\" data-e-type=\"section\">\n\t\t\t\t\t\t<div class=\"elementor-container elementor-column-gap-default\">\n\t\t\t\t\t<div class=\"elementor-column elementor-col-100 elementor-top-column elementor-element elementor-element-4111a42\" data-id=\"4111a42\" data-element_type=\"column\" data-e-type=\"column\">\n\t\t\t<div class=\"elementor-widget-wrap\">\n\t\t\t\t\t\t\t<\/div>\n\t\t<\/div>\n\t\t\t\t\t<\/div>\n\t\t<\/section>\n\t\t\t\t<section class=\"elementor-section elementor-top-section elementor-element elementor-element-11b5a32 elementor-section-boxed elementor-section-height-default elementor-section-height-default\" data-id=\"11b5a32\" data-element_type=\"section\" data-e-type=\"section\">\n\t\t\t\t\t\t<div class=\"elementor-container elementor-column-gap-default\">\n\t\t\t\t\t<div class=\"elementor-column elementor-col-66 elementor-top-column elementor-element elementor-element-1e0caeb\" data-id=\"1e0caeb\" data-element_type=\"column\" data-e-type=\"column\">\n\t\t\t<div class=\"elementor-widget-wrap elementor-element-populated\">\n\t\t\t\t\t\t<div class=\"elementor-element elementor-element-d49b0fc elementor-widget elementor-widget-text-editor\" data-id=\"d49b0fc\" data-element_type=\"widget\" data-e-type=\"widget\" data-widget_type=\"text-editor.default\">\n\t\t\t\t<div class=\"elementor-widget-container\">\n\t\t\t\t\t\t\t\t\t<p style=\"text-align: center;\"><strong>9.03.2022 &#8211; Paul-Moor-Sch\u00fcler bew\u00e4ltigen erfolgreich Schwimmmarathon<\/strong><\/p><p>Nach 2019 fand zum zweiten Male die Aktion \u201eSchwimmmarathon\u201c im Frerener Hallenbad statt. Dabei versuchen Sch\u00fcler und Sch\u00fclerinnen mehrerer Klassen in drei Staffeln insgesamt 10 Kilometer zu schwimmen.\u00a0<\/p><p>Seit September 2021 bereiteten sich die Klassen 5 und 6 auf dieses Event vor. Seit Februar d.J. trainierte auch die Klasse 7. Am Aktionstag beteiligten sich 18 Sch\u00fcler und Sch\u00fclerinnen am Marathon. Sie schafften sogar \u00a011,7 Kilometer, was 702 Bahnen im Frerener Hallenbad entspricht. Bei der Veranstaltung wurden die Sportlehrkr\u00e4fte vom Schwimmmeister Ingo L\u00fcbben unterst\u00fctzt. Er sorgte f\u00fcr den Einzug der Bahnbegrenzungen sowie f\u00fcr Discomusik und entsprechende Beleuchtung. F\u00fcr die Sch\u00fcler wurde es somit zu einem Erlebnis, das sie zu besonderen Leistungen motivierte. Abgeschlossen wurde die Aktion mit der Urkundenverleihung und w\u00fcrdigenden Worten der Schulleitung in der Aula der Paul-Moor-Schule.<\/p>\t\t\t\t\t\t\t\t<\/div>\n\t\t\t\t<\/div>\n\t\t\t\t\t<\/div>\n\t\t<\/div>\n\t\t\t\t<div class=\"elementor-column elementor-col-33 elementor-top-column elementor-element elementor-element-f8dea24\" data-id=\"f8dea24\" data-element_type=\"column\" data-e-type=\"column\">\n\t\t\t<div class=\"elementor-widget-wrap elementor-element-populated\">\n\t\t\t\t\t\t<div class=\"elementor-element elementor-element-30eaebe elementor-widget elementor-widget-image\" data-id=\"30eaebe\" data-element_type=\"widget\" data-e-type=\"widget\" data-widget_type=\"image.default\">\n\t\t\t\t<div class=\"elementor-widget-container\">\n\t\t\t\t\t\t\t\t\t\t\t\t\t\t\t<img decoding=\"async\" width=\"840\" height=\"861\" src=\"https:\/\/wp.paulmoorschule-freren.de\/wp-content\/uploads\/2022\/03\/Urkunde-Schwimmen-999x1024.jpg\" class=\"attachment-large size-large wp-image-571\" alt=\"\" srcset=\"https:\/\/wp.paulmoorschule-freren.de\/wp-content\/uploads\/2022\/03\/Urkunde-Schwimmen-999x1024.jpg 999w, https:\/\/wp.paulmoorschule-freren.de\/wp-content\/uploads\/2022\/03\/Urkunde-Schwimmen-293x300.jpg 293w, https:\/\/wp.paulmoorschule-freren.de\/wp-content\/uploads\/2022\/03\/Urkunde-Schwimmen-768x787.jpg 768w\" sizes=\"(max-width: 709px) 85vw, (max-width: 909px) 67vw, (max-width: 1362px) 62vw, 840px\" \/>\t\t\t\t\t\t\t\t\t\t\t\t\t\t\t<\/div>\n\t\t\t\t<\/div>\n\t\t\t\t\t<\/div>\n\t\t<\/div>\n\t\t\t\t\t<\/div>\n\t\t<\/section>\n\t\t\t\t<section class=\"elementor-section elementor-top-section elementor-element elementor-element-f8b4e98 elementor-section-boxed elementor-section-height-default elementor-section-height-default\" data-id=\"f8b4e98\" data-element_type=\"section\" data-e-type=\"section\">\n\t\t\t\t\t\t<div class=\"elementor-container elementor-column-gap-default\">\n\t\t\t\t\t<div class=\"elementor-column elementor-col-100 elementor-top-column elementor-element elementor-element-5fa2b41\" data-id=\"5fa2b41\" data-element_type=\"column\" data-e-type=\"column\">\n\t\t\t<div class=\"elementor-widget-wrap\">\n\t\t\t\t\t\t\t<\/div>\n\t\t<\/div>\n\t\t\t\t\t<\/div>\n\t\t<\/section>\n\t\t\t\t<section class=\"elementor-section elementor-top-section elementor-element elementor-element-b44944a elementor-section-boxed elementor-section-height-default elementor-section-height-default\" data-id=\"b44944a\" data-element_type=\"section\" data-e-type=\"section\">\n\t\t\t\t\t\t<div class=\"elementor-container elementor-column-gap-default\">\n\t\t\t\t\t<div class=\"elementor-column elementor-col-100 elementor-top-column elementor-element elementor-element-31072df\" data-id=\"31072df\" data-element_type=\"column\" data-e-type=\"column\">\n\t\t\t<div class=\"elementor-widget-wrap elementor-element-populated\">\n\t\t\t\t\t\t<div class=\"elementor-element elementor-element-882be99 elementor-widget elementor-widget-heading\" data-id=\"882be99\" data-element_type=\"widget\" data-e-type=\"widget\" data-widget_type=\"heading.default\">\n\t\t\t\t<div class=\"elementor-widget-container\">\n\t\t\t\t\t<h2 class=\"elementor-heading-title elementor-size-default\">Dezember 2021<\/h2>\t\t\t\t<\/div>\n\t\t\t\t<\/div>\n\t\t\t\t\t<\/div>\n\t\t<\/div>\n\t\t\t\t\t<\/div>\n\t\t<\/section>\n\t\t\t\t<section class=\"elementor-section elementor-top-section elementor-element elementor-element-35f9be6 elementor-section-boxed elementor-section-height-default elementor-section-height-default\" data-id=\"35f9be6\" data-element_type=\"section\" data-e-type=\"section\">\n\t\t\t\t\t\t<div class=\"elementor-container elementor-column-gap-default\">\n\t\t\t\t\t<div class=\"elementor-column elementor-col-100 elementor-top-column elementor-element elementor-element-153ab7c\" data-id=\"153ab7c\" data-element_type=\"column\" data-e-type=\"column\">\n\t\t\t<div class=\"elementor-widget-wrap elementor-element-populated\">\n\t\t\t\t\t\t<div class=\"elementor-element elementor-element-1e63898 elementor-widget elementor-widget-heading\" data-id=\"1e63898\" data-element_type=\"widget\" data-e-type=\"widget\" data-widget_type=\"heading.default\">\n\t\t\t\t<div class=\"elementor-widget-container\">\n\t\t\t\t\t<h2 class=\"elementor-heading-title elementor-size-default\">Frohe Weihnachten!<br>Zum 16. Dezember gestalteten wir ein adventliches Fenster f\u00fcr den Adventskalender in Freren.<\/h2>\t\t\t\t<\/div>\n\t\t\t\t<\/div>\n\t\t\t\t\t<\/div>\n\t\t<\/div>\n\t\t\t\t\t<\/div>\n\t\t<\/section>\n\t\t\t\t<section class=\"elementor-section elementor-top-section elementor-element elementor-element-517a6f6 elementor-section-boxed elementor-section-height-default elementor-section-height-default\" data-id=\"517a6f6\" data-element_type=\"section\" data-e-type=\"section\">\n\t\t\t\t\t\t<div class=\"elementor-container elementor-column-gap-default\">\n\t\t\t\t\t<div class=\"elementor-column elementor-col-100 elementor-top-column elementor-element elementor-element-166bc8c\" data-id=\"166bc8c\" data-element_type=\"column\" data-e-type=\"column\">\n\t\t\t<div class=\"elementor-widget-wrap elementor-element-populated\">\n\t\t\t\t\t\t<div class=\"elementor-element elementor-element-0377320 elementor-widget elementor-widget-image\" data-id=\"0377320\" data-element_type=\"widget\" data-e-type=\"widget\" data-widget_type=\"image.default\">\n\t\t\t\t<div class=\"elementor-widget-container\">\n\t\t\t\t\t\t\t\t\t\t\t\t\t\t\t<img loading=\"lazy\" decoding=\"async\" width=\"300\" height=\"194\" src=\"https:\/\/wp.paulmoorschule-freren.de\/wp-content\/uploads\/2021\/12\/3cba185d-81fb-4ae2-9259-d595c5c70661-4-300x194.jpg\" class=\"attachment-medium size-medium wp-image-530\" alt=\"\" srcset=\"https:\/\/wp.paulmoorschule-freren.de\/wp-content\/uploads\/2021\/12\/3cba185d-81fb-4ae2-9259-d595c5c70661-4-300x194.jpg 300w, https:\/\/wp.paulmoorschule-freren.de\/wp-content\/uploads\/2021\/12\/3cba185d-81fb-4ae2-9259-d595c5c70661-4.jpg 666w\" sizes=\"(max-width: 300px) 85vw, 300px\" \/>\t\t\t\t\t\t\t\t\t\t\t\t\t\t\t<\/div>\n\t\t\t\t<\/div>\n\t\t\t\t\t<\/div>\n\t\t<\/div>\n\t\t\t\t\t<\/div>\n\t\t<\/section>\n\t\t\t\t<section class=\"elementor-section elementor-top-section elementor-element elementor-element-76d4b85 elementor-section-boxed elementor-section-height-default elementor-section-height-default\" data-id=\"76d4b85\" data-element_type=\"section\" data-e-type=\"section\">\n\t\t\t\t\t\t<div class=\"elementor-container elementor-column-gap-default\">\n\t\t\t\t\t<div class=\"elementor-column elementor-col-100 elementor-top-column elementor-element elementor-element-258838b\" data-id=\"258838b\" data-element_type=\"column\" data-e-type=\"column\">\n\t\t\t<div class=\"elementor-widget-wrap\">\n\t\t\t\t\t\t\t<\/div>\n\t\t<\/div>\n\t\t\t\t\t<\/div>\n\t\t<\/section>\n\t\t\t\t<section class=\"elementor-section elementor-top-section elementor-element elementor-element-377d400 elementor-section-boxed elementor-section-height-default elementor-section-height-default\" data-id=\"377d400\" data-element_type=\"section\" data-e-type=\"section\">\n\t\t\t\t\t\t<div class=\"elementor-container elementor-column-gap-default\">\n\t\t\t\t\t<div class=\"elementor-column elementor-col-100 elementor-top-column elementor-element elementor-element-9a79f8d\" data-id=\"9a79f8d\" data-element_type=\"column\" data-e-type=\"column\">\n\t\t\t<div class=\"elementor-widget-wrap elementor-element-populated\">\n\t\t\t\t\t\t<div class=\"elementor-element elementor-element-86e879e elementor-widget elementor-widget-heading\" data-id=\"86e879e\" data-element_type=\"widget\" data-e-type=\"widget\" data-widget_type=\"heading.default\">\n\t\t\t\t<div class=\"elementor-widget-container\">\n\t\t\t\t\t<h2 class=\"elementor-heading-title elementor-size-default\">Oktober 2021<\/h2>\t\t\t\t<\/div>\n\t\t\t\t<\/div>\n\t\t\t\t\t<\/div>\n\t\t<\/div>\n\t\t\t\t\t<\/div>\n\t\t<\/section>\n\t\t\t\t<section class=\"elementor-section elementor-top-section elementor-element elementor-element-43e6b32 elementor-section-boxed elementor-section-height-default elementor-section-height-default\" data-id=\"43e6b32\" data-element_type=\"section\" data-e-type=\"section\">\n\t\t\t\t\t\t<div class=\"elementor-container elementor-column-gap-default\">\n\t\t\t\t\t<div class=\"elementor-column elementor-col-100 elementor-top-column elementor-element elementor-element-59d564b\" data-id=\"59d564b\" data-element_type=\"column\" data-e-type=\"column\">\n\t\t\t<div class=\"elementor-widget-wrap elementor-element-populated\">\n\t\t\t\t\t\t<div class=\"elementor-element elementor-element-94889ee elementor-widget elementor-widget-image\" data-id=\"94889ee\" data-element_type=\"widget\" data-e-type=\"widget\" data-widget_type=\"image.default\">\n\t\t\t\t<div class=\"elementor-widget-container\">\n\t\t\t\t\t\t\t\t\t\t\t\t\t\t\t<img loading=\"lazy\" decoding=\"async\" width=\"724\" height=\"1024\" src=\"https:\/\/wp.paulmoorschule-freren.de\/wp-content\/uploads\/2021\/10\/Leseraum-724x1024.jpg\" class=\"attachment-large size-large wp-image-522\" alt=\"\" srcset=\"https:\/\/wp.paulmoorschule-freren.de\/wp-content\/uploads\/2021\/10\/Leseraum-724x1024.jpg 724w, https:\/\/wp.paulmoorschule-freren.de\/wp-content\/uploads\/2021\/10\/Leseraum-212x300.jpg 212w, https:\/\/wp.paulmoorschule-freren.de\/wp-content\/uploads\/2021\/10\/Leseraum-768x1086.jpg 768w, https:\/\/wp.paulmoorschule-freren.de\/wp-content\/uploads\/2021\/10\/Leseraum.jpg 1240w\" sizes=\"(max-width: 724px) 85vw, 724px\" \/>\t\t\t\t\t\t\t\t\t\t\t\t\t\t\t<\/div>\n\t\t\t\t<\/div>\n\t\t\t\t\t<\/div>\n\t\t<\/div>\n\t\t\t\t\t<\/div>\n\t\t<\/section>\n\t\t\t\t<section class=\"elementor-section elementor-top-section elementor-element elementor-element-1e6203d elementor-section-boxed elementor-section-height-default elementor-section-height-default\" data-id=\"1e6203d\" data-element_type=\"section\" data-e-type=\"section\">\n\t\t\t\t\t\t<div class=\"elementor-container elementor-column-gap-default\">\n\t\t\t\t\t<div class=\"elementor-column elementor-col-100 elementor-top-column elementor-element elementor-element-ea7efea\" data-id=\"ea7efea\" data-element_type=\"column\" data-e-type=\"column\">\n\t\t\t<div class=\"elementor-widget-wrap\">\n\t\t\t\t\t\t\t<\/div>\n\t\t<\/div>\n\t\t\t\t\t<\/div>\n\t\t<\/section>\n\t\t\t\t<section class=\"elementor-section elementor-top-section elementor-element elementor-element-d1c075f elementor-section-boxed elementor-section-height-default elementor-section-height-default\" data-id=\"d1c075f\" data-element_type=\"section\" data-e-type=\"section\">\n\t\t\t\t\t\t<div class=\"elementor-container elementor-column-gap-default\">\n\t\t\t\t\t<div class=\"elementor-column elementor-col-100 elementor-top-column elementor-element elementor-element-a56e682\" data-id=\"a56e682\" data-element_type=\"column\" data-e-type=\"column\">\n\t\t\t<div class=\"elementor-widget-wrap\">\n\t\t\t\t\t\t\t<\/div>\n\t\t<\/div>\n\t\t\t\t\t<\/div>\n\t\t<\/section>\n\t\t\t\t<section class=\"elementor-section elementor-top-section elementor-element elementor-element-58e3c85 elementor-section-boxed elementor-section-height-default elementor-section-height-default\" data-id=\"58e3c85\" data-element_type=\"section\" data-e-type=\"section\">\n\t\t\t\t\t\t<div class=\"elementor-container elementor-column-gap-default\">\n\t\t\t\t\t<div class=\"elementor-column elementor-col-100 elementor-top-column elementor-element elementor-element-67432fa\" data-id=\"67432fa\" data-element_type=\"column\" data-e-type=\"column\">\n\t\t\t<div class=\"elementor-widget-wrap elementor-element-populated\">\n\t\t\t\t\t\t<div class=\"elementor-element elementor-element-c6353ae elementor-widget elementor-widget-image\" data-id=\"c6353ae\" data-element_type=\"widget\" data-e-type=\"widget\" data-widget_type=\"image.default\">\n\t\t\t\t<div class=\"elementor-widget-container\">\n\t\t\t\t\t\t\t\t\t\t\t\t\t\t\t<img loading=\"lazy\" decoding=\"async\" width=\"724\" height=\"1024\" src=\"https:\/\/wp.paulmoorschule-freren.de\/wp-content\/uploads\/2021\/05\/Hey-ALter-BEricht-724x1024.jpg\" class=\"attachment-large size-large wp-image-505\" alt=\"\" srcset=\"https:\/\/wp.paulmoorschule-freren.de\/wp-content\/uploads\/2021\/05\/Hey-ALter-BEricht-724x1024.jpg 724w, https:\/\/wp.paulmoorschule-freren.de\/wp-content\/uploads\/2021\/05\/Hey-ALter-BEricht-212x300.jpg 212w, https:\/\/wp.paulmoorschule-freren.de\/wp-content\/uploads\/2021\/05\/Hey-ALter-BEricht-768x1086.jpg 768w, https:\/\/wp.paulmoorschule-freren.de\/wp-content\/uploads\/2021\/05\/Hey-ALter-BEricht.jpg 1240w\" sizes=\"(max-width: 724px) 85vw, 724px\" \/>\t\t\t\t\t\t\t\t\t\t\t\t\t\t\t<\/div>\n\t\t\t\t<\/div>\n\t\t\t\t\t<\/div>\n\t\t<\/div>\n\t\t\t\t\t<\/div>\n\t\t<\/section>\n\t\t\t\t<\/div>\n\t\t","protected":false},"excerpt":{"rendered":"<p>Juni 2022 M\u00e4rz 2022 9.03.2022 &#8211; Paul-Moor-Sch\u00fcler bew\u00e4ltigen erfolgreich Schwimmmarathon Nach 2019 fand zum zweiten Male die Aktion \u201eSchwimmmarathon\u201c im Frerener Hallenbad statt. Dabei versuchen Sch\u00fcler und Sch\u00fclerinnen mehrerer Klassen in drei Staffeln insgesamt 10 Kilometer zu schwimmen.\u00a0 Seit September 2021 bereiteten sich die Klassen 5 und 6 auf dieses Event vor. Seit Februar d.J. &hellip; <a href=\"https:\/\/wp.paulmoorschule-freren.de\/?page_id=548\" class=\"more-link\"><span class=\"screen-reader-text\">\u201eSchuljahr 2021\/2022\u201c <\/span>weiterlesen<\/a><\/p>\n","protected":false},"author":1,"featured_media":0,"parent":0,"menu_order":0,"comment_status":"closed","ping_status":"closed","template":"","meta":{"footnotes":""},"class_list":["post-548","page","type-page","status-publish","hentry"],"_links":{"self":[{"href":"https:\/\/wp.paulmoorschule-freren.de\/index.php?rest_route=\/wp\/v2\/pages\/548","targetHints":{"allow":["GET"]}}],"collection":[{"href":"https:\/\/wp.paulmoorschule-freren.de\/index.php?rest_route=\/wp\/v2\/pages"}],"about":[{"href":"https:\/\/wp.paulmoorschule-freren.de\/index.php?rest_route=\/wp\/v2\/types\/page"}],"author":[{"embeddable":true,"href":"https:\/\/wp.paulmoorschule-freren.de\/index.php?rest_route=\/wp\/v2\/users\/1"}],"replies":[{"embeddable":true,"href":"https:\/\/wp.paulmoorschule-freren.de\/index.php?rest_route=%2Fwp%2Fv2%2Fcomments&post=548"}],"version-history":[{"count":16,"href":"https:\/\/wp.paulmoorschule-freren.de\/index.php?rest_route=\/wp\/v2\/pages\/548\/revisions"}],"predecessor-version":[{"id":640,"href":"https:\/\/wp.paulmoorschule-freren.de\/index.php?rest_route=\/wp\/v2\/pages\/548\/revisions\/640"}],"wp:attachment":[{"href":"https:\/\/wp.paulmoorschule-freren.de\/index.php?rest_route=%2Fwp%2Fv2%2Fmedia&parent=548"}],"curies":[{"name":"wp","href":"https:\/\/api.w.org\/{rel}","templated":true}]}}