{"id":403,"date":"2020-10-23T12:33:21","date_gmt":"2020-10-23T12:33:21","guid":{"rendered":"http:\/\/wp.paulmoorschule-freren.de\/?page_id=403"},"modified":"2020-10-26T19:25:30","modified_gmt":"2020-10-26T19:25:30","slug":"schuljahr-2020-2021","status":"publish","type":"page","link":"https:\/\/wp.paulmoorschule-freren.de\/?page_id=403","title":{"rendered":"Schuljahr 2020\/2021"},"content":{"rendered":"\t\t<div data-elementor-type=\"wp-post\" data-elementor-id=\"403\" class=\"elementor elementor-403 elementor-bc-flex-widget\">\n\t\t\t\t\t\t<section class=\"elementor-section elementor-top-section elementor-element elementor-element-e30d82d elementor-section-boxed elementor-section-height-default elementor-section-height-default\" data-id=\"e30d82d\" data-element_type=\"section\" data-e-type=\"section\">\n\t\t\t\t\t\t<div class=\"elementor-container elementor-column-gap-default\">\n\t\t\t\t\t<div class=\"elementor-column elementor-col-100 elementor-top-column elementor-element elementor-element-78990a7\" data-id=\"78990a7\" data-element_type=\"column\" data-e-type=\"column\">\n\t\t\t<div class=\"elementor-widget-wrap elementor-element-populated\">\n\t\t\t\t\t\t<div class=\"elementor-element elementor-element-3e9c9c5 elementor-widget elementor-widget-text-editor\" data-id=\"3e9c9c5\" data-element_type=\"widget\" data-e-type=\"widget\" data-widget_type=\"text-editor.default\">\n\t\t\t\t<div class=\"elementor-widget-container\">\n\t\t\t\t\t\t\t\t\t<h3>30.09.2020 &#8211; <strong>Schulsporttag in ganz Deutschland-Die PMS war dabei<\/strong><\/h3><p><strong>Erstmals in der Geschichte von Jugend trainiert f\u00fcr Olympia &amp; Paralympics haben am 30. September mehr als 235000 Sch\u00fclerinnen und Sch\u00fcler aus 1273 Schulen gemeinsam ein starkes Zeichen f\u00fcr den Schulsport gesetzt und auf die Bedeutung von Sport und Bewegung im schulischen Alltag hingewiesen.\u00a0<\/strong><\/p><p><strong>\u00a0<\/strong>In Zeiten der Corona-Pandemie ist es eine besondere Herausforderung, Schulsport f\u00fcr Kinder und Jugendliche mit und ohne Behinderung unter ver\u00e4nderten und an die aktuelle Situation angepassten Hygienere<a href=\"https:\/\/wp.paulmoorschule-freren.de\/wp-content\/uploads\/2020\/10\/Schulsporttag-PMS-1.jpg\"><img fetchpriority=\"high\" decoding=\"async\" class=\"wp-image-409 alignleft\" src=\"https:\/\/wp.paulmoorschule-freren.de\/wp-content\/uploads\/2020\/10\/Schulsporttag-PMS-1.jpg\" alt=\"\" width=\"300\" height=\"213\" srcset=\"https:\/\/wp.paulmoorschule-freren.de\/wp-content\/uploads\/2020\/10\/Schulsporttag-PMS-1.jpg 3213w, https:\/\/wp.paulmoorschule-freren.de\/wp-content\/uploads\/2020\/10\/Schulsporttag-PMS-1-300x213.jpg 300w, https:\/\/wp.paulmoorschule-freren.de\/wp-content\/uploads\/2020\/10\/Schulsporttag-PMS-1-768x546.jpg 768w, https:\/\/wp.paulmoorschule-freren.de\/wp-content\/uploads\/2020\/10\/Schulsporttag-PMS-1-1024x728.jpg 1024w\" sizes=\"(max-width: 300px) 85vw, 300px\" \/><\/a>geln zu organisieren. Im letzten Schuljahr kamen der Schulsport und damit auch der Schulwettbewerb Jugend trainiert f\u00fcr Olympia &amp; Paralympics fast vollst\u00e4ndig zum Erliegen. Deshalb war es zu Beginn des Schuljahres 2020\/21 besonders notwendig, wichtige Akzente bei der Wiederaufnahme des Schulsports in Zeiten von Corona-Einschr\u00e4nkungen zu setzen und ein Bekenntnis f\u00fcr \u201eJugend trainiert\u201c und den Stellenwert des Schulsports f\u00fcr die Bewegungs- und Gesundheitsf\u00f6rderung abzugeben. Die Schulen sollten sich mit offenen und kreativen Bewegungsangeboten w\u00e4hrend einer Pause oder Unterrichtsstunde an diesem Aktionstag unter Einhaltung der lokalen Abstands- und Hygieneregeln beteiligen und dies \u00f6ffentlichkeitswirksam dokumentieren. Die Paul-Moor-Schule war dabei. Ohnehin war eine Sportveranstaltung zu Beginn des neuen Schuljahres vorgesehen. Da die seit 15 Jahren erfolgreich durchgef\u00fchrte Aktion \u201eLauf- und Walkingabzeichen\u201c im letzten\u00a0 Schuljahr nicht stattfinden konnte, wurde sie im begrenzten Rahmen und unter Einhaltung der Hygieneregeln beim Schulsporttag nachgeholt. Seit Wochen \u00fcbten und trainierten unsere Sch\u00fcler und Sch\u00fclerinnen w\u00e4hrend des Sportunterrichts. Ziel war es, bis zu 30 Minuten ohne Unterbrechung zu laufen oder zu walken. Entsprechend des Mottos \u201eLaufen und walken ohne zu schnaufen\u201c ging es auf der Laufrunde vor der Dreifeldhalle nicht um Bestmarken, sondern um Bewegung an der frischen Luft. Alle Teilnehmer hielten durch und wurden nach der Veranstaltung mit einer Urkunde geehrt.<\/p><p><a href=\"https:\/\/wp.paulmoorschule-freren.de\/wp-content\/uploads\/2020\/10\/Schulsporttag-PMS-5.jpg\"><img decoding=\"async\" class=\"alignleft wp-image-411 size-full\" src=\"https:\/\/wp.paulmoorschule-freren.de\/wp-content\/uploads\/2020\/10\/Schulsporttag-PMS-5.jpg\" alt=\"\" width=\"3695\" height=\"1308\" srcset=\"https:\/\/wp.paulmoorschule-freren.de\/wp-content\/uploads\/2020\/10\/Schulsporttag-PMS-5.jpg 3695w, https:\/\/wp.paulmoorschule-freren.de\/wp-content\/uploads\/2020\/10\/Schulsporttag-PMS-5-300x106.jpg 300w, https:\/\/wp.paulmoorschule-freren.de\/wp-content\/uploads\/2020\/10\/Schulsporttag-PMS-5-768x272.jpg 768w, https:\/\/wp.paulmoorschule-freren.de\/wp-content\/uploads\/2020\/10\/Schulsporttag-PMS-5-1024x362.jpg 1024w\" sizes=\"(max-width: 709px) 85vw, (max-width: 909px) 67vw, (max-width: 1362px) 62vw, 840px\" \/><\/a><\/p>\t\t\t\t\t\t\t\t<\/div>\n\t\t\t\t<\/div>\n\t\t\t\t\t<\/div>\n\t\t<\/div>\n\t\t\t\t\t<\/div>\n\t\t<\/section>\n\t\t\t\t<\/div>\n\t\t","protected":false},"excerpt":{"rendered":"<p>30.09.2020 &#8211; Schulsporttag in ganz Deutschland-Die PMS war dabei Erstmals in der Geschichte von Jugend trainiert f\u00fcr Olympia &amp; Paralympics haben am 30. September mehr als 235000 Sch\u00fclerinnen und Sch\u00fcler aus 1273 Schulen gemeinsam ein starkes Zeichen f\u00fcr den Schulsport gesetzt und auf die Bedeutung von Sport und Bewegung im schulischen Alltag hingewiesen.\u00a0 \u00a0In Zeiten &hellip; <a href=\"https:\/\/wp.paulmoorschule-freren.de\/?page_id=403\" class=\"more-link\"><span class=\"screen-reader-text\">\u201eSchuljahr 2020\/2021\u201c <\/span>weiterlesen<\/a><\/p>\n","protected":false},"author":1,"featured_media":0,"parent":0,"menu_order":0,"comment_status":"closed","ping_status":"closed","template":"","meta":{"footnotes":""},"class_list":["post-403","page","type-page","status-publish","hentry"],"_links":{"self":[{"href":"https:\/\/wp.paulmoorschule-freren.de\/index.php?rest_route=\/wp\/v2\/pages\/403","targetHints":{"allow":["GET"]}}],"collection":[{"href":"https:\/\/wp.paulmoorschule-freren.de\/index.php?rest_route=\/wp\/v2\/pages"}],"about":[{"href":"https:\/\/wp.paulmoorschule-freren.de\/index.php?rest_route=\/wp\/v2\/types\/page"}],"author":[{"embeddable":true,"href":"https:\/\/wp.paulmoorschule-freren.de\/index.php?rest_route=\/wp\/v2\/users\/1"}],"replies":[{"embeddable":true,"href":"https:\/\/wp.paulmoorschule-freren.de\/index.php?rest_route=%2Fwp%2Fv2%2Fcomments&post=403"}],"version-history":[{"count":4,"href":"https:\/\/wp.paulmoorschule-freren.de\/index.php?rest_route=\/wp\/v2\/pages\/403\/revisions"}],"predecessor-version":[{"id":415,"href":"https:\/\/wp.paulmoorschule-freren.de\/index.php?rest_route=\/wp\/v2\/pages\/403\/revisions\/415"}],"wp:attachment":[{"href":"https:\/\/wp.paulmoorschule-freren.de\/index.php?rest_route=%2Fwp%2Fv2%2Fmedia&parent=403"}],"curies":[{"name":"wp","href":"https:\/\/api.w.org\/{rel}","templated":true}]}}