{"id":29,"date":"2019-01-13T10:06:05","date_gmt":"2019-01-13T10:06:05","guid":{"rendered":"http:\/\/wp.paulmoorschule-freren.de\/?page_id=29"},"modified":"2025-01-30T15:58:52","modified_gmt":"2025-01-30T15:58:52","slug":"berufsvorbereitung","status":"publish","type":"page","link":"https:\/\/wp.paulmoorschule-freren.de\/?page_id=29","title":{"rendered":"Berufsvorbereitung"},"content":{"rendered":"\t\t<div data-elementor-type=\"wp-post\" data-elementor-id=\"29\" class=\"elementor elementor-29\">\n\t\t\t\t\t\t<section class=\"elementor-section elementor-top-section elementor-element elementor-element-39fadf0 elementor-section-boxed elementor-section-height-default elementor-section-height-default\" data-id=\"39fadf0\" data-element_type=\"section\" data-e-type=\"section\">\n\t\t\t\t\t\t<div class=\"elementor-container elementor-column-gap-default\">\n\t\t\t\t\t<div class=\"elementor-column elementor-col-100 elementor-top-column elementor-element elementor-element-c6fb80e\" data-id=\"c6fb80e\" data-element_type=\"column\" data-e-type=\"column\">\n\t\t\t<div class=\"elementor-widget-wrap elementor-element-populated\">\n\t\t\t\t\t\t<div class=\"elementor-element elementor-element-09f0d2e elementor-widget elementor-widget-text-editor\" data-id=\"09f0d2e\" data-element_type=\"widget\" data-e-type=\"widget\" data-widget_type=\"text-editor.default\">\n\t\t\t\t<div class=\"elementor-widget-container\">\n\t\t\t\t\t\t\t\t\t<p>Wie im Leitbild unserer Schule verankert, bereiten wir unsere Sch\u00fclerinnen und Sch\u00fcler auf die Berufs- und Arbeitswelt vor. Sie werden unter anderem durch folgende Angebote in ihrer Berufswahl unterst\u00fctzt:<\/p><ul><li>Klasse 8: Potenzialanalyse, Werkstatttage in der Deula Freren, zweiw\u00f6chiges Betriebspraktikum<\/li><li>Klasse 9: Berufsinformationsb\u00f6rse in Lingen, zweiw\u00f6chiges Betriebspraktikum und Berufsberatung der Bundesagentur f\u00fcr Arbeit<\/li><\/ul><p>\u00a0<\/p><p><a href=\"#_ftnref1\" name=\"_ftn1\"><\/a><\/p>\t\t\t\t\t\t\t\t<\/div>\n\t\t\t\t<\/div>\n\t\t\t\t\t<\/div>\n\t\t<\/div>\n\t\t\t\t\t<\/div>\n\t\t<\/section>\n\t\t\t\t<\/div>\n\t\t","protected":false},"excerpt":{"rendered":"<p>Wie im Leitbild unserer Schule verankert, bereiten wir unsere Sch\u00fclerinnen und Sch\u00fcler auf die Berufs- und Arbeitswelt vor. Sie werden unter anderem durch folgende Angebote in ihrer Berufswahl unterst\u00fctzt: Klasse 8: Potenzialanalyse, Werkstatttage in der Deula Freren, zweiw\u00f6chiges Betriebspraktikum Klasse 9: Berufsinformationsb\u00f6rse in Lingen, zweiw\u00f6chiges Betriebspraktikum und Berufsberatung der Bundesagentur f\u00fcr Arbeit \u00a0<\/p>\n","protected":false},"author":1,"featured_media":0,"parent":0,"menu_order":0,"comment_status":"closed","ping_status":"closed","template":"","meta":{"footnotes":""},"class_list":["post-29","page","type-page","status-publish","hentry"],"_links":{"self":[{"href":"https:\/\/wp.paulmoorschule-freren.de\/index.php?rest_route=\/wp\/v2\/pages\/29","targetHints":{"allow":["GET"]}}],"collection":[{"href":"https:\/\/wp.paulmoorschule-freren.de\/index.php?rest_route=\/wp\/v2\/pages"}],"about":[{"href":"https:\/\/wp.paulmoorschule-freren.de\/index.php?rest_route=\/wp\/v2\/types\/page"}],"author":[{"embeddable":true,"href":"https:\/\/wp.paulmoorschule-freren.de\/index.php?rest_route=\/wp\/v2\/users\/1"}],"replies":[{"embeddable":true,"href":"https:\/\/wp.paulmoorschule-freren.de\/index.php?rest_route=%2Fwp%2Fv2%2Fcomments&post=29"}],"version-history":[{"count":20,"href":"https:\/\/wp.paulmoorschule-freren.de\/index.php?rest_route=\/wp\/v2\/pages\/29\/revisions"}],"predecessor-version":[{"id":1068,"href":"https:\/\/wp.paulmoorschule-freren.de\/index.php?rest_route=\/wp\/v2\/pages\/29\/revisions\/1068"}],"wp:attachment":[{"href":"https:\/\/wp.paulmoorschule-freren.de\/index.php?rest_route=%2Fwp%2Fv2%2Fmedia&parent=29"}],"curies":[{"name":"wp","href":"https:\/\/api.w.org\/{rel}","templated":true}]}}